{"id":4346,"date":"2023-02-16T13:42:33","date_gmt":"2023-02-16T12:42:33","guid":{"rendered":"https:\/\/www.methaodos.org\/?page_id=4346"},"modified":"2025-12-11T06:38:43","modified_gmt":"2025-12-11T05:38:43","slug":"current","status":"publish","type":"page","link":"https:\/\/www.methaodos.org\/en\/","title":{"rendered":"Current"},"content":{"rendered":"<p style=\"text-align: justify;\"><a href=\"https:\/\/www.methaodos.org\/wp-content\/uploads\/2013\/08\/logodef.png\"><img decoding=\"async\" class=\"alignleft size-full wp-image-1316\" src=\"https:\/\/www.methaodos.org\/wp-content\/uploads\/2013\/08\/logodef.png\" alt=\"logodef\" width=\"150\" height=\"150\" \/><\/a><a href=\"https:\/\/www.methaodos.org\/wp-content\/uploads\/2013\/05\/bibliofuen.jpg\"><img decoding=\"async\" class=\"alignleft size-thumbnail wp-image-940\" src=\"https:\/\/www.methaodos.org\/wp-content\/uploads\/2013\/05\/bibliofuen-150x150.jpg\" alt=\"bibliofuen\" width=\"150\" height=\"150\" \/><\/a><a href=\"https:\/\/www.methaodos.org\/wp-content\/uploads\/2013\/05\/labor.jpg\"><img decoding=\"async\" class=\"alignleft size-thumbnail wp-image-1026\" src=\"https:\/\/www.methaodos.org\/wp-content\/uploads\/2013\/05\/labor-150x150.jpg\" alt=\"labor\" width=\"150\" height=\"150\" \/><\/a><\/p>\r\n<h2>\u00a0<\/h2>\r\n<h2>\u00a0<\/h2>\r\n<h2>\u00a0<\/h2>\r\n<h2>\u00a0<\/h2>\r\n<h2><span style=\"color: #424200; font-family: helvetica, arial, sans-serif; font-size: 18pt;\"><a style=\"color: #424200;\" href=\"https:\/\/www.methaodos.org\/revista-methaodos\/index.php\/methaodos\">Continuous publication <\/a><a href=\"https:\/\/www.methaodos.org\/revista-methaodos\/index.php\/methaodos\" target=\"_blank\" rel=\"noopener\"><strong><span style=\"color: #00a2e8;\">methaodos.<span style=\"color: #424244;\">journal of social sciences<\/span><\/span><span style=\"color: #424200;\">\u00a0(2025)<\/span><\/strong><\/a><\/span><\/h2>\r\n<p>&nbsp;<\/p>\r\n<p><span style=\"font-family: helvetica, arial, sans-serif;\"><strong><span style=\"font-size: 14pt;\">Articles<\/span><\/strong><\/span><\/p>\r\n<p><span style=\"font-family: helvetica, arial, sans-serif;\"><a href=\"https:\/\/www.methaodos.org\/revista-methaodos\/index.php\/methaodos\/article\/view\/848\" target=\"_blank\" rel=\"noopener\">Happiness management and workplace well-being: Evolution, key insights, and future directions. A systematic review<\/a><\/span><br \/><span style=\"font-family: helvetica, arial, sans-serif;\">Mario Alberto Salazar-Altamirano, Esthela Galv\u00e1n Vela, Rafael Ravina-Ripoll, M\u00f3nica Lorena S\u00e1nchez-Lim\u00f3n<\/span><\/p>\r\n<p><span style=\"font-family: helvetica, arial, sans-serif;\"><a href=\"https:\/\/www.methaodos.org\/revista-methaodos\/index.php\/methaodos\/article\/view\/860\" target=\"_blank\" rel=\"noopener\">Social media influencers\u2019 transgressions \u2013 A multimodal critical discourse analysis of canceling strategies in threaded discussion on body shaming<\/a><\/span><br \/><span style=\"font-family: helvetica, arial, sans-serif;\">Camelia Cmeciu<\/span><\/p>\r\n<p><span style=\"font-family: helvetica, arial, sans-serif;\"><a href=\"https:\/\/www.methaodos.org\/revista-methaodos\/index.php\/methaodos\/article\/view\/847\" target=\"_blank\" rel=\"noopener\">Managing disagreements over domestic standards in couple relationships: a typological proposal<\/a><\/span><br \/><span style=\"font-family: helvetica, arial, sans-serif;\">Jes\u00fas Jurado Serrano, Diego Becerril Ruiz, Jos\u00e9 Jim\u00e9nez Cabello<\/span><\/p>\r\n<p><span style=\"font-family: helvetica, arial, sans-serif;\"><a href=\"https:\/\/www.methaodos.org\/revista-methaodos\/index.php\/methaodos\/article\/view\/842\" target=\"_blank\" rel=\"noopener\">Beauty and truth. The aesthetic practice of news and the media prosumer<\/a><\/span><br \/><span style=\"font-family: helvetica, arial, sans-serif;\">Shashidhar Nanjundaiah<\/span><\/p>\r\n<p><span style=\"font-family: helvetica, arial, sans-serif;\"><a href=\"https:\/\/www.methaodos.org\/revista-methaodos\/index.php\/methaodos\/article\/view\/863\" target=\"_blank\" rel=\"noopener\">Tracking or lacking? Health app engagement among young adults in Portugal<\/a><\/span><br \/><span style=\"font-family: helvetica, arial, sans-serif;\">Eduardo Antunes, Ana Marta M. Flores<\/span><\/p>\r\n<p><span style=\"font-family: helvetica, arial, sans-serif;\"><a href=\"https:\/\/www.methaodos.org\/revista-methaodos\/index.php\/methaodos\/article\/view\/861\" target=\"_blank\" rel=\"noopener\">Unveiling childfree voices: representation, humor, and resistance on Instagram<\/a><\/span><br \/><span style=\"font-family: helvetica, arial, sans-serif;\">Esra Bozkanat<\/span><\/p>\r\n<p><span style=\"font-family: helvetica, arial, sans-serif; font-size: 12pt;\"><a href=\"https:\/\/www.methaodos.org\/revista-methaodos\/index.php\/methaodos\/article\/view\/862\" target=\"_blank\" rel=\"noopener\">Phubbing profiles of university students and their relationship with sociodemographic and psychological factors<\/a><\/span><br \/><span style=\"font-family: helvetica, arial, sans-serif;\"><span style=\"font-size: 12pt;\">Vicente Villalba Palacin, Adrien Faure, Lydia S\u00e1nchez, <\/span><span style=\"font-size: 12pt;\">Caterina Calder\u00f3n<\/span><\/span><\/p>\r\n<p class=\"media-heading\"><span style=\"font-family: helvetica, arial, sans-serif;\"><a href=\"https:\/\/www.methaodos.org\/revista-methaodos\/index.php\/methaodos\/article\/view\/866\">The european &#8216;post-digital&#8217; public sphere: foundations of an emerging paradigm in the social sciences<\/a><\/span><br \/><span style=\"font-family: helvetica, arial, sans-serif;\">Sara Pane<\/span><\/p>\r\n<p><span style=\"font-family: helvetica, arial, sans-serif;\"><a href=\"https:\/\/www.methaodos.org\/revista-methaodos\/index.php\/methaodos\/article\/view\/889\">Social Trust, Political Ideology and Democratic Satisfaction in Europe: A Comparative Analysis 2002\u20132024<\/a><\/span><br \/><span style=\"font-family: helvetica, arial, sans-serif;\">Jos\u00e9 A. Lopez-Ruiz <\/span><\/p>\r\n<p><span style=\"font-family: helvetica, arial, sans-serif;\"><a href=\"https:\/\/www.methaodos.org\/revista-methaodos\/index.php\/methaodos\/article\/view\/875\">Narratives of power in the discursive construction of the enemy: Al- Hurra&#8217;s news frames in the coverage of Soleimani&#8217;s assassination<\/a><\/span><br \/><span style=\"font-family: helvetica, arial, sans-serif;\">Sadiq A. Alzidi, Francisco Javier G\u00f3mez-P\u00e9rez<\/span><\/p>\r\n<p><span style=\"font-family: helvetica, arial, sans-serif;\"><a href=\"https:\/\/www.methaodos.org\/revista-methaodos\/index.php\/methaodos\/article\/view\/881\">Student performance in three contexts: pre-COVID-19 lockdown, during, and post-COVID-19<\/a><\/span><br \/><span style=\"font-family: helvetica, arial, sans-serif;\">Rosa Leonor Ulloa-Cazarez, Cuauht\u00e9moc L\u00f3pez Mart\u00edn<\/span><\/p>\r\n<p><span style=\"font-family: helvetica, arial, sans-serif;\"><a href=\"https:\/\/www.methaodos.org\/revista-methaodos\/index.php\/methaodos\/article\/view\/890\">The individualization of social trust: coping resources and mental health in working-class adolescents in Chile<\/a><br \/>Andr\u00e9s Aedo Henr\u00edquez<\/span><\/p>\r\n<p><span style=\"font-family: helvetica, arial, sans-serif;\"><a style=\"font-size: 16px;\" href=\"https:\/\/www.methaodos.org\/revista-methaodos\/index.php\/methaodos\/article\/view\/894\">Senior Officials and Institutional Transparency: An Empirical Study on the Government of the Canary Islands (2019\u20132024)<\/a><\/span><br \/><span style=\"font-family: helvetica, arial, sans-serif;\">Manuel \u00c1ngel Santana Tur\u00e9gano, Josu\u00e9 Guti\u00e9rrez Barroso, Johan Joukhadar Aide<\/span><\/p>\r\n<div class=\"authors\">\r\n<p>&nbsp;<\/p>\r\n<p><span style=\"font-family: helvetica, arial, sans-serif;\"><strong style=\"background-color: rgba(0, 0, 0, 0); font-size: 16px;\"><span style=\"font-size: 14pt;\">Research notes<\/span><\/strong><\/span><\/p>\r\n<\/div>\r\n<p><span style=\"font-family: helvetica, arial, sans-serif;\"><a href=\"https:\/\/www.methaodos.org\/revista-methaodos\/index.php\/methaodos\/article\/view\/868\" target=\"_blank\" rel=\"noopener\">Is digital native journalism winning the hearts of young people? A Portuguese case study<\/a><\/span><br \/><span style=\"font-family: helvetica, arial, sans-serif;\">Vasco Avides Moreira, Patr\u00edcia Caneira<\/span><br \/><br \/><span style=\"font-family: helvetica, arial, sans-serif;\"><a href=\"https:\/\/www.methaodos.org\/revista-methaodos\/index.php\/methaodos\/article\/view\/873\" target=\"_blank\" rel=\"noopener\">Political and social potentialities of tele-immersive media: critique and tipologies of the \u2018virtual\u2019<\/a><br \/>Joana Bicacro<\/span><\/p>\r\n<p>&nbsp;<\/p>\r\n<p><span style=\"font-family: helvetica, arial, sans-serif;\"><strong><span style=\"font-size: 14pt;\">Book reviews<\/span><\/strong><br \/><br \/><a href=\"https:\/\/www.methaodos.org\/revista-methaodos\/index.php\/methaodos\/article\/view\/877\" target=\"_blank\" rel=\"noopener\">Mejias, Ulises, A. &amp; Couldry, Nick (2024). Data Grab: The New Colonialism of Big Tech (and How to Fight Back). WH Allen<\/a><br \/>Ana Garc\u00eda Arranz<\/span><\/p>\r\n<p><span style=\"font-family: helvetica, arial, sans-serif;\"><a href=\"https:\/\/www.methaodos.org\/revista-methaodos\/index.php\/methaodos\/article\/view\/865\" target=\"_blank\" rel=\"noopener\">Kosterich, Allie (2022). News nerds. Institutional change in Journalism. Oxford University Press<\/a><br \/>Jo\u00e3o Carlos Sousa<\/span><\/p>\r\n<p class=\"media-heading\"><span style=\"font-family: helvetica, arial, sans-serif;\"><a href=\"https:\/\/www.methaodos.org\/revista-methaodos\/index.php\/methaodos\/article\/view\/906\">Hormigos Ruiz, Jaime (Ed.) (2025). El discurso social de la m\u00fasica. Universidad de Alicante<\/a><\/span><br \/><span style=\"font-family: helvetica, arial, sans-serif;\">Francisco Oda Angel<br \/><\/span><\/p>\r\n<p class=\"media-heading\"><span style=\"font-family: helvetica, arial, sans-serif;\"><a href=\"https:\/\/www.methaodos.org\/revista-methaodos\/index.php\/methaodos\/article\/view\/907\">Asociaci\u00f3n de Mujeres Juezas de Espa\u00f1a (Coord.) (2024). Hijas del miedo y otros relatos de violencia de g\u00e9nero. Ediciones Pen\u00ednsula<\/a><br \/>Luc\u00eda Mendoza Ruiz<\/span><\/p>\r\n<p>&nbsp;<\/p>\r\n<p><a href=\"https:\/\/www.methaodos.org\/revista-methaodos\/index.php\/methaodos\/issue\/archive\" target=\"_blank\" rel=\"noopener\"><img decoding=\"async\" class=\"aligncenter size-full wp-image-4380\" src=\"https:\/\/www.methaodos.org\/wp-content\/uploads\/2023\/04\/nuevo_slide-scaled.jpg\" alt=\"\" width=\"2560\" height=\"640\" srcset=\"https:\/\/www.methaodos.org\/wp-content\/uploads\/2023\/04\/nuevo_slide-scaled.jpg 2560w, https:\/\/www.methaodos.org\/wp-content\/uploads\/2023\/04\/nuevo_slide-600x150.jpg 600w, https:\/\/www.methaodos.org\/wp-content\/uploads\/2023\/04\/nuevo_slide-1024x256.jpg 1024w, https:\/\/www.methaodos.org\/wp-content\/uploads\/2023\/04\/nuevo_slide-768x192.jpg 768w, https:\/\/www.methaodos.org\/wp-content\/uploads\/2023\/04\/nuevo_slide-1536x384.jpg 1536w, https:\/\/www.methaodos.org\/wp-content\/uploads\/2023\/04\/nuevo_slide-2048x512.jpg 2048w, https:\/\/www.methaodos.org\/wp-content\/uploads\/2023\/04\/nuevo_slide-100x25.jpg 100w, https:\/\/www.methaodos.org\/wp-content\/uploads\/2023\/04\/nuevo_slide-150x38.jpg 150w, https:\/\/www.methaodos.org\/wp-content\/uploads\/2023\/04\/nuevo_slide-200x50.jpg 200w, https:\/\/www.methaodos.org\/wp-content\/uploads\/2023\/04\/nuevo_slide-300x75.jpg 300w, https:\/\/www.methaodos.org\/wp-content\/uploads\/2023\/04\/nuevo_slide-450x113.jpg 450w, https:\/\/www.methaodos.org\/wp-content\/uploads\/2023\/04\/nuevo_slide-900x225.jpg 900w, https:\/\/www.methaodos.org\/wp-content\/uploads\/2023\/04\/nuevo_slide-1320x330.jpg 1320w\" sizes=\"(max-width: 2560px) 100vw, 2560px\" \/><\/a><\/p>\r\n<p><span style=\"font-family: helvetica, arial, sans-serif;\"><span style=\"font-family: helvetica, arial, sans-serif;\"><\/span><\/span><\/p>\r\n<p>&nbsp;<\/p>\r\n<p><span style=\"font-family: helvetica, arial, sans-serif;\"><span style=\"font-family: helvetica, arial, sans-serif;\"><\/span><\/span><\/p>","protected":false},"excerpt":{"rendered":"<p>\u00a0 \u00a0 \u00a0 \u00a0 Continuous publication methaodos.journal of social sciences\u00a0(2025) &nbsp; Articles Happiness management and workplace well-being: Evolution, key insights, [&hellip;]<\/p>\n","protected":false},"author":2,"featured_media":0,"parent":0,"menu_order":0,"comment_status":"closed","ping_status":"closed","template":"","meta":{"_uag_custom_page_level_css":"","site-sidebar-layout":"default","site-content-layout":"","ast-site-content-layout":"default","site-content-style":"default","site-sidebar-style":"default","ast-global-header-display":"","ast-banner-title-visibility":"","ast-main-header-display":"","ast-hfb-above-header-display":"","ast-hfb-below-header-display":"","ast-hfb-mobile-header-display":"","site-post-title":"","ast-breadcrumbs-content":"","ast-featured-img":"","footer-sml-layout":"","ast-disable-related-posts":"","theme-transparent-header-meta":"default","adv-header-id-meta":"","stick-header-meta":"default","header-above-stick-meta":"","header-main-stick-meta":"","header-below-stick-meta":"","astra-migrate-meta-layouts":"set","ast-page-background-enabled":"default","ast-page-background-meta":{"desktop":{"background-color":"var(--ast-global-color-4)","background-image":"","background-repeat":"repeat","background-position":"center center","background-size":"auto","background-attachment":"scroll","background-type":"","background-media":"","overlay-type":"","overlay-color":"","overlay-opacity":"","overlay-gradient":""},"tablet":{"background-color":"","background-image":"","background-repeat":"repeat","background-position":"center center","background-size":"auto","background-attachment":"scroll","background-type":"","background-media":"","overlay-type":"","overlay-color":"","overlay-opacity":"","overlay-gradient":""},"mobile":{"background-color":"","background-image":"","background-repeat":"repeat","background-position":"center center","background-size":"auto","background-attachment":"scroll","background-type":"","background-media":"","overlay-type":"","overlay-color":"","overlay-opacity":"","overlay-gradient":""}},"ast-content-background-meta":{"desktop":{"background-color":"var(--ast-global-color-5)","background-image":"","background-repeat":"repeat","background-position":"center center","background-size":"auto","background-attachment":"scroll","background-type":"","background-media":"","overlay-type":"","overlay-color":"","overlay-opacity":"","overlay-gradient":""},"tablet":{"background-color":"var(--ast-global-color-5)","background-image":"","background-repeat":"repeat","background-position":"center center","background-size":"auto","background-attachment":"scroll","background-type":"","background-media":"","overlay-type":"","overlay-color":"","overlay-opacity":"","overlay-gradient":""},"mobile":{"background-color":"var(--ast-global-color-5)","background-image":"","background-repeat":"repeat","background-position":"center center","background-size":"auto","background-attachment":"scroll","background-type":"","background-media":"","overlay-type":"","overlay-color":"","overlay-opacity":"","overlay-gradient":""}},"footnotes":""},"class_list":["post-4346","page","type-page","status-publish","hentry"],"yoast_head":"<!-- This site is optimized with the Yoast SEO plugin v27.5 - https:\/\/yoast.com\/product\/yoast-seo-wordpress\/ -->\n<title>Current - methaodos.org<\/title>\n<meta name=\"robots\" content=\"index, follow, max-snippet:-1, max-image-preview:large, max-video-preview:-1\" \/>\n<link rel=\"canonical\" href=\"https:\/\/www.methaodos.org\/en\/\" \/>\n<meta property=\"og:locale\" content=\"en_US\" \/>\n<meta property=\"og:type\" content=\"article\" \/>\n<meta property=\"og:title\" content=\"Current - methaodos.org\" \/>\n<meta property=\"og:description\" content=\"\u00a0 \u00a0 \u00a0 \u00a0 Continuous publication methaodos.journal of social sciences\u00a0(2025) &nbsp; Articles Happiness management and workplace well-being: Evolution, key insights, [&hellip;]\" \/>\n<meta property=\"og:url\" content=\"https:\/\/www.methaodos.org\/en\/\" \/>\n<meta property=\"og:site_name\" content=\"methaodos.org\" \/>\n<meta property=\"article:publisher\" content=\"https:\/\/www.facebook.com\/methaodos\" \/>\n<meta property=\"article:modified_time\" content=\"2025-12-11T05:38:43+00:00\" \/>\n<meta property=\"og:image\" content=\"https:\/\/www.methaodos.org\/wp-content\/uploads\/2013\/08\/logodef.png\" \/>\n\t<meta property=\"og:image:width\" content=\"150\" \/>\n\t<meta property=\"og:image:height\" content=\"150\" \/>\n\t<meta property=\"og:image:type\" content=\"image\/png\" \/>\n<meta name=\"twitter:card\" content=\"summary_large_image\" \/>\n<meta name=\"twitter:site\" content=\"@methaodos\" \/>\n<meta name=\"twitter:label1\" content=\"Est. reading time\" \/>\n\t<meta name=\"twitter:data1\" content=\"3 minutes\" \/>\n<script type=\"application\/ld+json\" class=\"yoast-schema-graph\">{\"@context\":\"https:\\\/\\\/schema.org\",\"@graph\":[{\"@type\":\"WebPage\",\"@id\":\"https:\\\/\\\/www.methaodos.org\\\/en\\\/\",\"url\":\"https:\\\/\\\/www.methaodos.org\\\/en\\\/\",\"name\":\"Current - methaodos.org\",\"isPartOf\":{\"@id\":\"https:\\\/\\\/www.methaodos.org\\\/en\\\/#website\"},\"primaryImageOfPage\":{\"@id\":\"https:\\\/\\\/www.methaodos.org\\\/en\\\/#primaryimage\"},\"image\":{\"@id\":\"https:\\\/\\\/www.methaodos.org\\\/en\\\/#primaryimage\"},\"thumbnailUrl\":\"https:\\\/\\\/www.methaodos.org\\\/wp-content\\\/uploads\\\/2013\\\/08\\\/logodef.png\",\"datePublished\":\"2023-02-16T12:42:33+00:00\",\"dateModified\":\"2025-12-11T05:38:43+00:00\",\"breadcrumb\":{\"@id\":\"https:\\\/\\\/www.methaodos.org\\\/en\\\/#breadcrumb\"},\"inLanguage\":\"en-US\",\"potentialAction\":[{\"@type\":\"ReadAction\",\"target\":[\"https:\\\/\\\/www.methaodos.org\\\/en\\\/\"]}]},{\"@type\":\"ImageObject\",\"inLanguage\":\"en-US\",\"@id\":\"https:\\\/\\\/www.methaodos.org\\\/en\\\/#primaryimage\",\"url\":\"https:\\\/\\\/www.methaodos.org\\\/wp-content\\\/uploads\\\/2013\\\/08\\\/logodef.png\",\"contentUrl\":\"https:\\\/\\\/www.methaodos.org\\\/wp-content\\\/uploads\\\/2013\\\/08\\\/logodef.png\"},{\"@type\":\"BreadcrumbList\",\"@id\":\"https:\\\/\\\/www.methaodos.org\\\/en\\\/#breadcrumb\",\"itemListElement\":[{\"@type\":\"ListItem\",\"position\":1,\"name\":\"Home\",\"item\":\"https:\\\/\\\/www.methaodos.org\\\/en\\\/\"},{\"@type\":\"ListItem\",\"position\":2,\"name\":\"Current\"}]},{\"@type\":\"WebSite\",\"@id\":\"https:\\\/\\\/www.methaodos.org\\\/en\\\/#website\",\"url\":\"https:\\\/\\\/www.methaodos.org\\\/en\\\/\",\"name\":\"methaodos.org\",\"description\":\"metodolog\u00eda de la investigaci\u00f3n social aplicada\",\"publisher\":{\"@id\":\"https:\\\/\\\/www.methaodos.org\\\/en\\\/#organization\"},\"potentialAction\":[{\"@type\":\"SearchAction\",\"target\":{\"@type\":\"EntryPoint\",\"urlTemplate\":\"https:\\\/\\\/www.methaodos.org\\\/en\\\/?s={search_term_string}\"},\"query-input\":{\"@type\":\"PropertyValueSpecification\",\"valueRequired\":true,\"valueName\":\"search_term_string\"}}],\"inLanguage\":\"en-US\"},{\"@type\":\"Organization\",\"@id\":\"https:\\\/\\\/www.methaodos.org\\\/en\\\/#organization\",\"name\":\"methaodos.org\",\"url\":\"https:\\\/\\\/www.methaodos.org\\\/en\\\/\",\"logo\":{\"@type\":\"ImageObject\",\"inLanguage\":\"en-US\",\"@id\":\"https:\\\/\\\/www.methaodos.org\\\/en\\\/#\\\/schema\\\/logo\\\/image\\\/\",\"url\":\"https:\\\/\\\/www.methaodos.org\\\/wp-content\\\/uploads\\\/2016\\\/03\\\/logosinicongris-1.png\",\"contentUrl\":\"https:\\\/\\\/www.methaodos.org\\\/wp-content\\\/uploads\\\/2016\\\/03\\\/logosinicongris-1.png\",\"width\":1439,\"height\":212,\"caption\":\"methaodos.org\"},\"image\":{\"@id\":\"https:\\\/\\\/www.methaodos.org\\\/en\\\/#\\\/schema\\\/logo\\\/image\\\/\"},\"sameAs\":[\"https:\\\/\\\/www.facebook.com\\\/methaodos\",\"https:\\\/\\\/x.com\\\/methaodos\",\"https:\\\/\\\/www.linkedin.com\\\/in\\\/methaodos-revista-de-ciencias-sociales-5065a76b\\\/\"]}]}<\/script>\n<!-- \/ Yoast SEO plugin. -->","yoast_head_json":{"title":"Current - methaodos.org","robots":{"index":"index","follow":"follow","max-snippet":"max-snippet:-1","max-image-preview":"max-image-preview:large","max-video-preview":"max-video-preview:-1"},"canonical":"https:\/\/www.methaodos.org\/en\/","og_locale":"en_US","og_type":"article","og_title":"Current - methaodos.org","og_description":"\u00a0 \u00a0 \u00a0 \u00a0 Continuous publication methaodos.journal of social sciences\u00a0(2025) &nbsp; Articles Happiness management and workplace well-being: Evolution, key insights, [&hellip;]","og_url":"https:\/\/www.methaodos.org\/en\/","og_site_name":"methaodos.org","article_publisher":"https:\/\/www.facebook.com\/methaodos","article_modified_time":"2025-12-11T05:38:43+00:00","og_image":[{"width":150,"height":150,"url":"https:\/\/www.methaodos.org\/wp-content\/uploads\/2013\/08\/logodef.png","type":"image\/png"}],"twitter_card":"summary_large_image","twitter_site":"@methaodos","twitter_misc":{"Est. reading time":"3 minutes"},"schema":{"@context":"https:\/\/schema.org","@graph":[{"@type":"WebPage","@id":"https:\/\/www.methaodos.org\/en\/","url":"https:\/\/www.methaodos.org\/en\/","name":"Current - methaodos.org","isPartOf":{"@id":"https:\/\/www.methaodos.org\/en\/#website"},"primaryImageOfPage":{"@id":"https:\/\/www.methaodos.org\/en\/#primaryimage"},"image":{"@id":"https:\/\/www.methaodos.org\/en\/#primaryimage"},"thumbnailUrl":"https:\/\/www.methaodos.org\/wp-content\/uploads\/2013\/08\/logodef.png","datePublished":"2023-02-16T12:42:33+00:00","dateModified":"2025-12-11T05:38:43+00:00","breadcrumb":{"@id":"https:\/\/www.methaodos.org\/en\/#breadcrumb"},"inLanguage":"en-US","potentialAction":[{"@type":"ReadAction","target":["https:\/\/www.methaodos.org\/en\/"]}]},{"@type":"ImageObject","inLanguage":"en-US","@id":"https:\/\/www.methaodos.org\/en\/#primaryimage","url":"https:\/\/www.methaodos.org\/wp-content\/uploads\/2013\/08\/logodef.png","contentUrl":"https:\/\/www.methaodos.org\/wp-content\/uploads\/2013\/08\/logodef.png"},{"@type":"BreadcrumbList","@id":"https:\/\/www.methaodos.org\/en\/#breadcrumb","itemListElement":[{"@type":"ListItem","position":1,"name":"Home","item":"https:\/\/www.methaodos.org\/en\/"},{"@type":"ListItem","position":2,"name":"Current"}]},{"@type":"WebSite","@id":"https:\/\/www.methaodos.org\/en\/#website","url":"https:\/\/www.methaodos.org\/en\/","name":"methaodos.org","description":"metodolog\u00eda de la investigaci\u00f3n social aplicada","publisher":{"@id":"https:\/\/www.methaodos.org\/en\/#organization"},"potentialAction":[{"@type":"SearchAction","target":{"@type":"EntryPoint","urlTemplate":"https:\/\/www.methaodos.org\/en\/?s={search_term_string}"},"query-input":{"@type":"PropertyValueSpecification","valueRequired":true,"valueName":"search_term_string"}}],"inLanguage":"en-US"},{"@type":"Organization","@id":"https:\/\/www.methaodos.org\/en\/#organization","name":"methaodos.org","url":"https:\/\/www.methaodos.org\/en\/","logo":{"@type":"ImageObject","inLanguage":"en-US","@id":"https:\/\/www.methaodos.org\/en\/#\/schema\/logo\/image\/","url":"https:\/\/www.methaodos.org\/wp-content\/uploads\/2016\/03\/logosinicongris-1.png","contentUrl":"https:\/\/www.methaodos.org\/wp-content\/uploads\/2016\/03\/logosinicongris-1.png","width":1439,"height":212,"caption":"methaodos.org"},"image":{"@id":"https:\/\/www.methaodos.org\/en\/#\/schema\/logo\/image\/"},"sameAs":["https:\/\/www.facebook.com\/methaodos","https:\/\/x.com\/methaodos","https:\/\/www.linkedin.com\/in\/methaodos-revista-de-ciencias-sociales-5065a76b\/"]}]}},"uagb_featured_image_src":{"full":false,"thumbnail":false,"medium":false,"medium_large":false,"large":false,"1536x1536":false,"2048x2048":false,"mailpoet_newsletter_max":false,"sow-carousel-default":false},"uagb_author_info":{"display_name":"coordinador","author_link":"https:\/\/www.methaodos.org\/en\/author\/coordinador\/"},"uagb_comment_info":0,"uagb_excerpt":"\u00a0 \u00a0 \u00a0 \u00a0 Continuous publication methaodos.journal of social sciences\u00a0(2025) &nbsp; Articles Happiness management and workplace well-being: Evolution, key insights, [&hellip;]","_links":{"self":[{"href":"https:\/\/www.methaodos.org\/en\/wp-json\/wp\/v2\/pages\/4346","targetHints":{"allow":["GET"]}}],"collection":[{"href":"https:\/\/www.methaodos.org\/en\/wp-json\/wp\/v2\/pages"}],"about":[{"href":"https:\/\/www.methaodos.org\/en\/wp-json\/wp\/v2\/types\/page"}],"author":[{"embeddable":true,"href":"https:\/\/www.methaodos.org\/en\/wp-json\/wp\/v2\/users\/2"}],"replies":[{"embeddable":true,"href":"https:\/\/www.methaodos.org\/en\/wp-json\/wp\/v2\/comments?post=4346"}],"version-history":[{"count":153,"href":"https:\/\/www.methaodos.org\/en\/wp-json\/wp\/v2\/pages\/4346\/revisions"}],"predecessor-version":[{"id":5587,"href":"https:\/\/www.methaodos.org\/en\/wp-json\/wp\/v2\/pages\/4346\/revisions\/5587"}],"wp:attachment":[{"href":"https:\/\/www.methaodos.org\/en\/wp-json\/wp\/v2\/media?parent=4346"}],"curies":[{"name":"wp","href":"https:\/\/api.w.org\/{rel}","templated":true}]}}